{"id":339,"date":"2023-01-01T02:44:01","date_gmt":"2023-01-01T02:44:01","guid":{"rendered":"https:\/\/tuttotondoitaliano.com\/?page_id=339"},"modified":"2023-01-03T08:06:47","modified_gmt":"2023-01-03T08:06:47","slug":"home","status":"publish","type":"page","link":"https:\/\/tuttotondoitaliano.com\/","title":{"rendered":"Home"},"content":{"rendered":"\n<p>Benvenuti sul sito di &#8220;Tutto Tondo Italiano&#8221;.<\/p>\n\n\n\n<p>Tutto Tondo italiano \u00e8 dedicato a coloro che iniziano a studiare l&#8217;italiano. Il manuale \u00e8  composto da 8 unit\u00e0. Ogni unit\u00e0 comprende due o pi\u00f9 sezioni divise in: <\/p>\n\n\n\n<p>Tutto Tondo Italiano\u30a4\u30bf\u30ea\u30a2\u8a9e\u521d\u5fc3\u8005\u5411\u3051\u306b\u4f5c\u6210\u3055\u308c\u305f\u6559\u6750\u3067\u3059\u3002\u30c6\u30ad\u30b9\u30c8\u306f\uff18\u3064\u306e\u30ec\u30c3\u30b9\u30f3\u3067\u69cb\u6210\u3055\u308c\u3066\u3044\u307e\u3059\u3002\u5404\u30ec\u30c3\u30b9\u30f3\u306b\u306f\uff1a<\/p>\n\n\n\n<p>\ud83d\udcac Dialoghi &#8211; \u4f1a\u8a71<\/p>\n\n\n\n<p>\ud83d\udcd5 Vocaboli &#8211; \u5358\u8a9e<\/p>\n\n\n\n<p>\ud83d\udcd6 Grammatica &#8211; \u6587\u6cd5<\/p>\n\n\n\n<p>\ud83d\udde3 Pronuncia &#8211; \u767a\u97f3<\/p>\n\n\n\n<p>\u270f\ufe0f Esercizi &#8211; \u7df4\u7fd2\u554f\u984c<\/p>\n\n\n\n<p>\u304c\u3042\u308a\u307e\u3059\u3002<\/p>\n\n\n\n<p>&#8220;Tutto Tondo italiano&#8221; si trova su:<\/p>\n\n\n\n<p>\u30c6\u30ad\u30b9\u30c8\u306fAmazon\u3067\u8cfc\u5165\u304c\u3067\u304d\u307e\u3059\uff1a<\/p>\n\n\n\n<figure class=\"wp-block-image size-full is-resized\"><a href=\"https:\/\/www.amazon.co.jp\/Tutto-Tondo-Italiano-Concettina-Bucci\/dp\/B09ZZZQ1L9\"><img loading=\"lazy\" decoding=\"async\" src=\"https:\/\/tuttotondoitaliano.com\/wp-content\/uploads\/2022\/12\/amazon_logo_rgb.webp\" alt=\"\" class=\"wp-image-94\" width=\"150\" height=\"55\"\/><\/a><\/figure>\n\n\n\n<p><\/p>\n\n\n\n<p><\/p>\n\n\n\n<p><\/p>\n\n\n\n<p><\/p>\n\n\n\n<p><strong>SCRIVIMI<\/strong><\/p>\n\n\n\n<div class=\"wp-block-contact-form-7-contact-form-selector\"><p class=\"wpcf7-contact-form-not-found\"><strong>Errore:<\/strong> Modulo di contatto non trovato.<\/p><\/div>\n","protected":false},"excerpt":{"rendered":"<p>Benvenuti sul sito di &#8220;Tutto Tondo Italiano&#8221;. Tutto Tondo italiano \u00e8 dedicato a coloro che iniziano a studiare l&#8217;italiano. Il manuale \u00e8 composto da 8 unit\u00e0. Ogni unit\u00e0 comprende due o pi\u00f9 sezioni divise in: Tutto Tondo Italiano\u30a4\u30bf\u30ea\u30a2\u8a9e\u521d\u5fc3\u8005\u5411\u3051\u306b\u4f5c\u6210\u3055\u308c\u305f\u6559\u6750\u3067\u3059\u3002\u30c6\u30ad\u30b9\u30c8\u306f\uff18\u3064\u306e\u30ec\u30c3\u30b9\u30f3\u3067\u69cb\u6210\u3055\u308c\u3066\u3044\u307e\u3059\u3002\u5404\u30ec\u30c3\u30b9\u30f3\u306b\u306f\uff1a \ud83d\udcac Dialoghi &#8211; \u4f1a\u8a71 \ud83d\udcd5 Vocaboli &#8211; \u5358\u8a9e \ud83d\udcd6 Grammatica &#8211; \u6587\u6cd5 \ud83d\udde3 Pronuncia &#8211; \u767a\u97f3 \u270f\ufe0f [&hellip;]<\/p>\n","protected":false},"author":1,"featured_media":0,"parent":0,"menu_order":0,"comment_status":"closed","ping_status":"closed","template":"","meta":{"ocean_post_layout":"","ocean_both_sidebars_style":"","ocean_both_sidebars_content_width":0,"ocean_both_sidebars_sidebars_width":0,"ocean_sidebar":"0","ocean_second_sidebar":"0","ocean_disable_margins":"enable","ocean_add_body_class":"","ocean_shortcode_before_top_bar":"","ocean_shortcode_after_top_bar":"","ocean_shortcode_before_header":"","ocean_shortcode_after_header":"","ocean_has_shortcode":"","ocean_shortcode_after_title":"","ocean_shortcode_before_footer_widgets":"","ocean_shortcode_after_footer_widgets":"","ocean_shortcode_before_footer_bottom":"","ocean_shortcode_after_footer_bottom":"","ocean_display_top_bar":"on","ocean_display_header":"on","ocean_header_style":"full_screen","ocean_center_header_left_menu":"0","ocean_custom_header_template":"0","ocean_custom_logo":0,"ocean_custom_retina_logo":0,"ocean_custom_logo_max_width":0,"ocean_custom_logo_tablet_max_width":0,"ocean_custom_logo_mobile_max_width":0,"ocean_custom_logo_max_height":0,"ocean_custom_logo_tablet_max_height":0,"ocean_custom_logo_mobile_max_height":0,"ocean_header_custom_menu":"0","ocean_menu_typo_font_family":"0","ocean_menu_typo_font_subset":"","ocean_menu_typo_font_size":0,"ocean_menu_typo_font_size_tablet":0,"ocean_menu_typo_font_size_mobile":0,"ocean_menu_typo_font_size_unit":"px","ocean_menu_typo_font_weight":"","ocean_menu_typo_font_weight_tablet":"","ocean_menu_typo_font_weight_mobile":"","ocean_menu_typo_transform":"","ocean_menu_typo_transform_tablet":"","ocean_menu_typo_transform_mobile":"","ocean_menu_typo_line_height":0,"ocean_menu_typo_line_height_tablet":0,"ocean_menu_typo_line_height_mobile":0,"ocean_menu_typo_line_height_unit":"","ocean_menu_typo_spacing":0,"ocean_menu_typo_spacing_tablet":0,"ocean_menu_typo_spacing_mobile":0,"ocean_menu_typo_spacing_unit":"","ocean_menu_link_color":"","ocean_menu_link_color_hover":"","ocean_menu_link_color_active":"","ocean_menu_link_background":"","ocean_menu_link_hover_background":"","ocean_menu_link_active_background":"","ocean_menu_social_links_bg":"","ocean_menu_social_hover_links_bg":"","ocean_menu_social_links_color":"","ocean_menu_social_hover_links_color":"","ocean_disable_title":"default","ocean_disable_heading":"default","ocean_post_title":"","ocean_post_subheading":"","ocean_post_title_style":"centered-minimal","ocean_post_title_background_color":"","ocean_post_title_background":0,"ocean_post_title_bg_image_position":"","ocean_post_title_bg_image_attachment":"","ocean_post_title_bg_image_repeat":"","ocean_post_title_bg_image_size":"","ocean_post_title_height":0,"ocean_post_title_bg_overlay":0.5,"ocean_post_title_bg_overlay_color":"","ocean_disable_breadcrumbs":"default","ocean_breadcrumbs_color":"","ocean_breadcrumbs_separator_color":"","ocean_breadcrumbs_links_color":"","ocean_breadcrumbs_links_hover_color":"","ocean_display_footer_widgets":"on","ocean_display_footer_bottom":"on","ocean_custom_footer_template":"0","footnotes":""},"class_list":["post-339","page","type-page","status-publish","hentry","entry"],"_links":{"self":[{"href":"https:\/\/tuttotondoitaliano.com\/index.php\/wp-json\/wp\/v2\/pages\/339","targetHints":{"allow":["GET"]}}],"collection":[{"href":"https:\/\/tuttotondoitaliano.com\/index.php\/wp-json\/wp\/v2\/pages"}],"about":[{"href":"https:\/\/tuttotondoitaliano.com\/index.php\/wp-json\/wp\/v2\/types\/page"}],"author":[{"embeddable":true,"href":"https:\/\/tuttotondoitaliano.com\/index.php\/wp-json\/wp\/v2\/users\/1"}],"replies":[{"embeddable":true,"href":"https:\/\/tuttotondoitaliano.com\/index.php\/wp-json\/wp\/v2\/comments?post=339"}],"version-history":[{"count":15,"href":"https:\/\/tuttotondoitaliano.com\/index.php\/wp-json\/wp\/v2\/pages\/339\/revisions"}],"predecessor-version":[{"id":508,"href":"https:\/\/tuttotondoitaliano.com\/index.php\/wp-json\/wp\/v2\/pages\/339\/revisions\/508"}],"wp:attachment":[{"href":"https:\/\/tuttotondoitaliano.com\/index.php\/wp-json\/wp\/v2\/media?parent=339"}],"curies":[{"name":"wp","href":"https:\/\/api.w.org\/{rel}","templated":true}]}}